{"id":1097,"date":"2024-10-23T14:38:41","date_gmt":"2024-10-23T11:38:41","guid":{"rendered":"https:\/\/bunyan.bel.tr\/havuz\/?page_id=1097"},"modified":"2024-10-24T01:51:11","modified_gmt":"2024-10-23T22:51:11","slug":"site-kullanim-sartlari","status":"publish","type":"page","link":"https:\/\/bunyan.bel.tr\/havuz\/site-kullanim-sartlari\/","title":{"rendered":"Site Kullan\u0131m \u015eartlar"},"content":{"rendered":"<p><a href=\"https:\/\/bunyan.bel.tr\/havuz\/uyelik-kosullari\/\" data-type=\"link\" data-id=\"https:\/\/bunyan.bel.tr\/havuz\/uyelik-kosullari\/\">\u00dcyelik Ko\u015fullar\u0131<\/a><\/p><p><a href=\"https:\/\/bunyan.bel.tr\/havuz\/mesafeli-satis-sozlesmesi\/\" data-type=\"link\" data-id=\"https:\/\/bunyan.bel.tr\/havuz\/mesafeli-satis-sozlesmesi\/\">MESAFEL\u0130 SATI\u015e S\u00d6ZLE\u015eMES\u0130<\/a><\/p><p><a href=\"https:\/\/bunyan.bel.tr\/havuz\/gizlilik-politikasi\/\" data-type=\"link\" data-id=\"https:\/\/bunyan.bel.tr\/havuz\/gizlilik-politikasi\/\">Gizlilik Politikas\u0131<\/a><\/p><p><a href=\"https:\/\/www.bunyan.bel.tr\/page\/kvkk-ve-islenme-politikasi\/\" data-type=\"link\" data-id=\"https:\/\/www.bunyan.bel.tr\/page\/kvkk-ve-islenme-politikasi\/\">KVKK A\u00e7\u0131k R\u0131za Beyan\u0131 ve Ayd\u0131nlatma Metnini<\/a><\/p><p><a href=\"https:\/\/www.bunyan.bel.tr\/page\/bilgi-guvenligi-politikamiz\/\" data-type=\"link\" data-id=\"https:\/\/www.bunyan.bel.tr\/page\/bilgi-guvenligi-politikamiz\/\">Bilgi G\u00fcvenli\u011fi Politikam\u0131z<\/a><\/p><p><a href=\"https:\/\/www.bunyan.bel.tr\/page\/cerez-politikasi\/\">\u00c7erez Politikas\u0131<\/a><\/p><p><a href=\"https:\/\/www.bunyan.bel.tr\/page\/ziyaretci-verileri-aydinlatma-metni\/\" data-type=\"link\" data-id=\"https:\/\/www.bunyan.bel.tr\/page\/ziyaretci-verileri-aydinlatma-metni\/\">Ziyaret\u00e7i Ayd\u0131nlatma Beyan\u0131<\/a><\/p><p><a href=\"https:\/\/www.bunyan.bel.tr\/page\/kapalidevrekamera\/\" data-type=\"link\" data-id=\"https:\/\/www.bunyan.bel.tr\/page\/kapalidevrekamera\/\">Kapal\u0131 Devre Kamera Kay\u0131t Sistemleri Ayd\u0131nlatma Metni<\/a><\/p>","protected":false},"excerpt":{"rendered":"<p>\u00dcyelik Ko\u015fullar\u0131 MESAFEL\u0130 SATI\u015e S\u00d6ZLE\u015eMES\u0130 Gizlilik Politikas\u0131 KVKK A\u00e7\u0131k R\u0131za Beyan\u0131 ve Ayd\u0131nlatma Metnini Bilgi G\u00fcvenli\u011fi Politikam\u0131z \u00c7erez Politikas\u0131 Ziyaret\u00e7i Ayd\u0131nlatma Beyan\u0131 Kapal\u0131 Devre Kamera Kay\u0131t Sistemleri Ayd\u0131nlatma Metni<\/p>\n","protected":false},"author":1,"featured_media":0,"parent":0,"menu_order":0,"comment_status":"closed","ping_status":"closed","template":"","meta":{"neve_meta_sidebar":"","neve_meta_container":"","neve_meta_enable_content_width":"","neve_meta_content_width":0,"neve_meta_title_alignment":"","neve_meta_author_avatar":"","neve_post_elements_order":"","neve_meta_disable_header":"","neve_meta_disable_footer":"","neve_meta_disable_title":"","footnotes":""},"class_list":["post-1097","page","type-page","status-publish","hentry"],"_links":{"self":[{"href":"https:\/\/bunyan.bel.tr\/havuz\/wp-json\/wp\/v2\/pages\/1097"}],"collection":[{"href":"https:\/\/bunyan.bel.tr\/havuz\/wp-json\/wp\/v2\/pages"}],"about":[{"href":"https:\/\/bunyan.bel.tr\/havuz\/wp-json\/wp\/v2\/types\/page"}],"author":[{"embeddable":true,"href":"https:\/\/bunyan.bel.tr\/havuz\/wp-json\/wp\/v2\/users\/1"}],"replies":[{"embeddable":true,"href":"https:\/\/bunyan.bel.tr\/havuz\/wp-json\/wp\/v2\/comments?post=1097"}],"version-history":[{"count":1,"href":"https:\/\/bunyan.bel.tr\/havuz\/wp-json\/wp\/v2\/pages\/1097\/revisions"}],"predecessor-version":[{"id":1103,"href":"https:\/\/bunyan.bel.tr\/havuz\/wp-json\/wp\/v2\/pages\/1097\/revisions\/1103"}],"wp:attachment":[{"href":"https:\/\/bunyan.bel.tr\/havuz\/wp-json\/wp\/v2\/media?parent=1097"}],"curies":[{"name":"wp","href":"https:\/\/api.w.org\/{rel}","templated":true}]}}