{"id":1100,"date":"2024-10-23T15:10:51","date_gmt":"2024-10-23T12:10:51","guid":{"rendered":"https:\/\/bunyan.bel.tr\/havuz\/?page_id=1100"},"modified":"2024-10-23T15:10:55","modified_gmt":"2024-10-23T12:10:55","slug":"uyelik-kosullari","status":"publish","type":"page","link":"https:\/\/bunyan.bel.tr\/havuz\/uyelik-kosullari\/","title":{"rendered":"\u00dcyelik Ko\u015fullar\u0131"},"content":{"rendered":"<p><strong>B\u00dcNYAN BELED\u0130YES\u0130 KAPALI HAVUZ \u00dcYEL\u0130K S\u00d6ZLE\u015eMES\u0130<\/strong><\/p><h4 class=\"wp-block-heading\">1. Taraflar Genel Bilgi ve \u015eartlar:<\/h4><p>Bu s\u00f6zle\u015fme <strong>B\u00fcnyan Belediyesi<\/strong> ile \u00fcye aras\u0131nda a\u015fa\u011f\u0131daki \u015fartlarla imzalanm\u0131\u015ft\u0131r.<\/p><h4 class=\"wp-block-heading\">2. S\u00f6zle\u015fmenin Konusu:<\/h4><p>Bu s\u00f6zle\u015fme, \u00fcyenin B\u00fcnyan Belediyesi&#8217;ne ait kapal\u0131 havuz tesislerinden belirtilen \u015fartlar dahilinde faydalanmas\u0131n\u0131 sa\u011flamaya y\u00f6neliktir.<\/p><h4 class=\"wp-block-heading\">3. Genel Ko\u015fullar:<\/h4><p><strong>3.1<\/strong> \u00dcye, kay\u0131t s\u0131ras\u0131nda kapal\u0131 havuz kullan\u0131m\u0131 a\u00e7\u0131s\u0131ndan kendisine veya etraf\u0131na zarar verebilecek herhangi bir sa\u011fl\u0131k sorunu bulunmad\u0131\u011f\u0131n\u0131 beyan eder. Bu beyana ayk\u0131r\u0131 durumlar\u0131n tespiti halinde, B\u00fcnyan Belediyesi, \u00fcyenin havuz kullan\u0131m\u0131 ile ilgili k\u0131s\u0131tlama veya engelleme yapabilir. \u00dcyenin sa\u011fl\u0131k problemleri nedeniyle \u00fcyeli\u011fi iptal edilirse, herhangi bir \u00fccret iadesi yap\u0131lmayacakt\u0131r. Sa\u011fl\u0131k nedenleri sonradan ortaya \u00e7\u0131karsa, ilgili sa\u011fl\u0131k nedenlerine g\u00f6re iade h\u00fck\u00fcmleri uygulanacakt\u0131r.<\/p><p><strong>3.2<\/strong> 4207 say\u0131l\u0131 yasa uyar\u0131nca, spor tesislerinde t\u00fct\u00fcn ve t\u00fct\u00fcn \u00fcr\u00fcnleri kullan\u0131lmas\u0131 kesinlikle yasakt\u0131r. Aksi takdirde do\u011facak para cezas\u0131 \u00fcye taraf\u0131ndan \u00f6denecektir. Tesislerde alkoll\u00fc i\u00e7ecek t\u00fcketimi yasakt\u0131r. Aksi bir durumda \u00fcyelik iptali yap\u0131l\u0131r.<\/p><p><strong>3.3<\/strong> \u00dcye, sadece belirtilen saatler ve seanslar dahilinde havuzdan faydalanabilir. Havuz kullan\u0131m seans\u0131 1 saat 30 dakika ile s\u0131n\u0131rl\u0131d\u0131r. \u00dcyeler, seans \u00f6ncesi ve sonras\u0131 haz\u0131rl\u0131k i\u00e7in 15 dakika giri\u015f ve 15 dakika \u00e7\u0131k\u0131\u015f hakk\u0131na sahiptir. Seans de\u011fi\u015fiklikleri kontenjan durumuna g\u00f6re yap\u0131labilir, ancak g\u00fcn\u00fcbirlik de\u011fi\u015fiklikler yap\u0131lamaz.<\/p><p><strong>3.4<\/strong> \u00dcyelikler i\u00e7in \u00e7e\u015fitli indirimler uygulanmaktad\u0131r:<\/p><p>6 Ya\u015f ve Alt\u0131 \u00dccretsiz (Veli ile giri\u015f yapabilir)<\/p><p>12 Ya\u015f ve Alt\u0131 Velisiz Havuza Giri\u015f Yapamaz.<\/p><p>\u00d6\u011frenci Belgesi ile Gelenler \u00d6\u011frenci \u0130ndiriminden Faydalanacakt\u0131r.<\/p><p>Engelli, \u015eehit Yak\u0131n\u0131 ve Gaziler indirimden 1. Derecede Faydalanacakt\u0131r.<\/p><ul class=\"wp-block-list\"><\/ul><p><strong>3.5<\/strong> \u00dcyeler daha y\u00fcksek fiyatl\u0131 bir pakete ge\u00e7i\u015f yapabilir, ancak daha d\u00fc\u015f\u00fck bir pakete ge\u00e7i\u015f yap\u0131lamaz.<\/p><p><strong>3.6<\/strong> \u00dccret iadesi \u015fu durumlarda yap\u0131lacakt\u0131r:<\/p><ul class=\"wp-block-list\"><li>Tesis hi\u00e7 kullan\u0131lmad\u0131ysa ve \u00fcyelik ba\u015flang\u0131c\u0131ndan itibaren 30 g\u00fcn i\u00e7inde iptal edilirse, kesintisiz iade yap\u0131lacakt\u0131r.<\/li>\n\n<li>\u00dcye, sa\u011fl\u0131k problemi nedeniyle tesis kullanam\u0131yorsa, doktor raporuyla durumu ispatlamas\u0131 halinde kesintisiz iade yap\u0131l\u0131r.<\/li><\/ul><p><strong>3.7<\/strong> \u00dcyeler seans giri\u015flerinde kartlar\u0131n\u0131 okutarak turnikeden ge\u00e7mek zorundad\u0131r. Kart unutuldu\u011funda manuel giri\u015f yap\u0131labilir, ancak her iki unutma durumunda \u00fcyelikten bir g\u00fcn d\u00fc\u015f\u00fcl\u00fcr.<\/p><p><strong>3.<\/strong>8 Tesiste bak\u0131m ve onar\u0131m gerekti\u011finde, ilgili seanslar iptal edilebilir. Bu durumda \u00fcye, seans \u00fccretinin iadesini talep edebilir.<\/p><p><strong>3.<\/strong>9 \u00dcye, spor salonuna getirdi\u011fi ki\u015fisel e\u015fyalar\u0131n\u0131n sorumlulu\u011funu ta\u015f\u0131r. B\u00fcnyan Belediyesi, dolaplar ya da ba\u015fka alanlarda e\u015fyalar\u0131n kaybolmas\u0131 ya da zarar g\u00f6rmesi durumunda sorumluluk kabul etmez.<\/p><p><strong>3.1<\/strong>0 \u00dcye, tesis personeline, di\u011fer \u00fcyelere veya misafirlere kar\u015f\u0131 sayg\u0131s\u0131z davran\u0131\u015flarda bulunursa, B\u00fcnyan Belediyesi taraf\u0131ndan \u00fcyelik iptali yap\u0131labilir ve \u00fccret iadesi yap\u0131lmaz.<\/p><p><strong>3.11<\/strong> Tesislerde hayvan bulundurulmas\u0131 yasakt\u0131r.<\/p><p><strong>3.12<\/strong> \u00dcyeler, spor yaparken gerekli k\u0131yafet ve ekipmanlar\u0131 kendileri temin etmek zorundad\u0131r. Spor salonu i\u00e7inde temiz ayakkab\u0131 ve havlu kullan\u0131lmas\u0131 zorunludur. Havlu kullan\u0131lmad\u0131\u011f\u0131nda, e\u011fitmenler seans\u0131 sonland\u0131rabilir.<\/p><p><strong>3.13<\/strong> Havuz kullan\u0131m\u0131 i\u00e7in y\u00fczme bilmek zorunludur. Y\u00fczme bilmeyen \u00fcyeler havuzu kullanamaz.<\/p><p><strong>3.14<\/strong> Tesis kullan\u0131m\u0131nda t\u00fcm kurallara uymak zorunludur. Kurallara uymayan \u00fcyelerin \u00fcyelikleri iptal edilebilir.<\/p><h4 class=\"wp-block-heading\">4. Ki\u015fisel Verilerin Korunmas\u0131 Kanunu Kapsam\u0131nda A\u00e7\u0131k R\u0131za Beyan\u0131:<\/h4><p>B\u00fcnyan Belediyesi, 6698 say\u0131l\u0131 Ki\u015fisel Verilerin Korunmas\u0131 Kanunu\u2019nun (\u201cK.V.K. Kanunu\u201d) ilgili h\u00fck\u00fcmleri uyar\u0131nca, \u00fcyelerin kimlik ve ileti\u015fim bilgilerini yaln\u0131zca hizmet sunumu i\u00e7in saklayacak ve i\u015fleyebilecektir. \u00dcyeler, bu verilerin i\u015flenmesi ile ilgili t\u00fcm detaylar\u0131 kabul etmi\u015f say\u0131l\u0131r.<\/p>","protected":false},"excerpt":{"rendered":"<p>B\u00dcNYAN BELED\u0130YES\u0130 KAPALI HAVUZ \u00dcYEL\u0130K S\u00d6ZLE\u015eMES\u0130 1. Taraflar Genel Bilgi ve \u015eartlar: Bu s\u00f6zle\u015fme B\u00fcnyan Belediyesi ile \u00fcye aras\u0131nda a\u015fa\u011f\u0131daki \u015fartlarla imzalanm\u0131\u015ft\u0131r. 2. S\u00f6zle\u015fmenin Konusu: Bu s\u00f6zle\u015fme, \u00fcyenin B\u00fcnyan Belediyesi&#8217;ne ait kapal\u0131 havuz tesislerinden belirtilen \u015fartlar dahilinde faydalanmas\u0131n\u0131 sa\u011flamaya y\u00f6neliktir. 3. Genel Ko\u015fullar: 3.1 \u00dcye, kay\u0131t s\u0131ras\u0131nda kapal\u0131 havuz kullan\u0131m\u0131 a\u00e7\u0131s\u0131ndan kendisine veya etraf\u0131na zarar&hellip;&nbsp;<a href=\"https:\/\/bunyan.bel.tr\/havuz\/uyelik-kosullari\/\" rel=\"bookmark\">Daha fazlas\u0131n\u0131 oku &raquo;<span class=\"screen-reader-text\">\u00dcyelik Ko\u015fullar\u0131<\/span><\/a><\/p>\n","protected":false},"author":1,"featured_media":0,"parent":0,"menu_order":0,"comment_status":"closed","ping_status":"closed","template":"","meta":{"neve_meta_sidebar":"","neve_meta_container":"","neve_meta_enable_content_width":"","neve_meta_content_width":0,"neve_meta_title_alignment":"","neve_meta_author_avatar":"","neve_post_elements_order":"","neve_meta_disable_header":"","neve_meta_disable_footer":"","neve_meta_disable_title":"","footnotes":""},"class_list":["post-1100","page","type-page","status-publish","hentry"],"_links":{"self":[{"href":"https:\/\/bunyan.bel.tr\/havuz\/wp-json\/wp\/v2\/pages\/1100"}],"collection":[{"href":"https:\/\/bunyan.bel.tr\/havuz\/wp-json\/wp\/v2\/pages"}],"about":[{"href":"https:\/\/bunyan.bel.tr\/havuz\/wp-json\/wp\/v2\/types\/page"}],"author":[{"embeddable":true,"href":"https:\/\/bunyan.bel.tr\/havuz\/wp-json\/wp\/v2\/users\/1"}],"replies":[{"embeddable":true,"href":"https:\/\/bunyan.bel.tr\/havuz\/wp-json\/wp\/v2\/comments?post=1100"}],"version-history":[{"count":0,"href":"https:\/\/bunyan.bel.tr\/havuz\/wp-json\/wp\/v2\/pages\/1100\/revisions"}],"wp:attachment":[{"href":"https:\/\/bunyan.bel.tr\/havuz\/wp-json\/wp\/v2\/media?parent=1100"}],"curies":[{"name":"wp","href":"https:\/\/api.w.org\/{rel}","templated":true}]}}